{"id":6,"date":"2020-07-09T11:11:57","date_gmt":"2020-07-09T11:11:57","guid":{"rendered":"https:\/\/www.lainat.net\/?page_id=6"},"modified":"2020-07-09T11:12:58","modified_gmt":"2020-07-09T11:12:58","slug":"lainat-ja-niiden-vertailu","status":"publish","type":"page","link":"https:\/\/www.lainat.net\/","title":{"rendered":"Lainat ja niiden vertailu"},"content":{"rendered":"\n<p>Lainojen ehdot poikkeavat toisistaan. Laina-aika, korko ja muut ehdot vaihtelevat erilaisten lainanantajien sek\u00e4 eri lainojen v\u00e4lill\u00e4 kannattaa, sill\u00e4 sen avulla voi s\u00e4\u00e4st\u00e4\u00e4 selv\u00e4\u00e4 rahaa. Lainat voi nyky\u00e4\u00e4n kilpailuttaa helposti netiss\u00e4, joten paikan p\u00e4\u00e4ll\u00e4 ei tarvitse edes vierailla. Vaikka lainojen kilpailutus ja vertailu vie aikaa, se kannattaa silti tehd\u00e4. Monesti\u00a0lainaa otetaan useammaksi vuodeksi ja siten jo pienikin ero esimerkiksi korossa voi tarkoittaa satoja tai jopa tuhansia vuosia s\u00e4\u00e4st\u00f6\u00e4 koko laina-aikana. Toisaalta my\u00f6s muut lainan ehdot voivat vaihdella. El\u00e4m\u00e4ss\u00e4 voi sattua ennalta odottamattomiakin tapahtumia, joten muihinkin lainan ehtoihin kannattaa perehty\u00e4 ennen lainan ottamista. My\u00f6s laina-ajoissa ja lyhennystavoissa voi olla eroavaisuuksia, joten niihinkin kannattaa tutustua<\/p>\n\n\n\n<h3 class=\"wp-block-heading\">Lainatarjous kannattaa lukea huolella<\/h3>\n\n\n\n<p>Lainan tarve voi joskus yll\u00e4tt\u00e4\u00e4 nopeastikin, sill\u00e4 el\u00e4m\u00e4ntilanteet vaihtelevat itse kullakin. Eteen voi tulla yll\u00e4tt\u00e4vi\u00e4 kodin remontteja, juhlia tai vaikkapa sairauksia. Vaikka lainatarjous ei t\u00e4ll\u00f6in ole ensimm\u00e4isen\u00e4 mieless\u00e4, se kannattaa pyyt\u00e4\u00e4 useammasta paikasta vertailun tekemiseksi. T\u00e4ll\u00f6in on helpompi ymm\u00e4rt\u00e4\u00e4 millaisilla ehdoilla eri paikoista voi saada lainaa ja miten paljon lainojen ehdoissa on eroavaisuuksia. Lainoja voi t\u00e4ll\u00f6in karsia ja valita niist\u00e4 itselle edullisimman vaihtoehdon. Kukapa ei haluaisi s\u00e4\u00e4st\u00e4\u00e4 rahaa? Sitenp\u00e4 lainojen vertailuun kannattaa k\u00e4ytt\u00e4\u00e4 riitt\u00e4v\u00e4sti aikaa. On kyseess\u00e4 sitten pikavippi tai useamman vuoden laina, korkokuluissakin on mahdollista usein s\u00e4\u00e4st\u00e4\u00e4 olennaisia summia. Vertailu siis kannattaa. Tarvittaessa kannattaa apuna k\u00e4ytt\u00e4\u00e4 netist\u00e4 l\u00f6ytyv\u00e4\u00e4 tietoa tai mietti\u00e4 asiaa esimerkiksi kaverin kanssa.<\/p>\n\n\n\n<p>Joskus lainoja kertyy matkaan varrella useita. Lainojen yhdist\u00e4minen voikin olla j\u00e4rkev\u00e4\u00e4, sill\u00e4 sen avulla usein s\u00e4\u00e4st\u00e4\u00e4 my\u00f6s rahaa. Yhdist\u00e4 lainat, jos sinulla varsinkin on s\u00e4\u00e4nn\u00f6llisi\u00e4 tuloja. Se on usein edellytys lainojen yhdist\u00e4miselle, vaikka poikkeuksiakin joskus voi olla. T\u00e4ll\u00f6in lainan kokonaiskorko yleens\u00e4 saadaan olennaisesti alhaisemmaksi ja rahaa j\u00e4\u00e4 korkokulujen sijaan muuhun el\u00e4m\u00e4\u00e4n. Lainojen yhdist\u00e4minen siten yleens\u00e4 kannattaa ja on hyv\u00e4 ensimm\u00e4inen askel kohti tehokkaampaa rahan k\u00e4ytt\u00f6\u00e4. Tarjouksia lainojen yhdist\u00e4miseen voi pyyt\u00e4\u00e4 eri pankeilta tai muilta rahoittajilta. Aloittaa voi vaikkapa kysym\u00e4ll\u00e4 asiaa omasta pankista. Netist\u00e4 l\u00f6ytyy my\u00f6s hyvin tietoa muista vaihtoehdoista. Samalla lainojen hoitaminenkin on helpompaa, kun tarvitsee huolehtia vain yhden lainan ehdoista, lyhennyksist\u00e4 ja muista k\u00e4yt\u00e4nn\u00f6n asioista.<\/p>\n\n\n\n<h2 class=\"wp-block-heading\">Pikavippi on joskus ainut vaihtoehto<\/h2>\n\n\n\n<p>Pikavippi on usein nopein, mutta my\u00f6s kallein vaihtoehto lainaksi. Joskus se on ainut vaihtoehto. Edullisin\u00a0laina l\u00f6ytyy usein pankeista tai tunnetuilta rahoittajilta. Toisaalta lainoja my\u00f6nt\u00e4\u00e4 useita tahoja ja vaihtoehtoja siten l\u00f6ytyykin paljon.\u00a0Pikavippi voi olla vaihtoehto silloin kun tuloja on v\u00e4hemm\u00e4n, mutta rahan tarve on jollekin yll\u00e4tt\u00e4v\u00e4lle menolle. T\u00e4ll\u00f6inkin kannattaa vaihtoehtoja vertailla, sill\u00e4 pikavippien ehdoissa on my\u00f6s eroa. Siten ensimm\u00e4ist\u00e4 pikavippi\u00e4 usein ei kannata valita, vaikka kiire olisikin. Lainojen vertailu kannattaa t\u00e4ss\u00e4kin tapauksessa tehd\u00e4 kunnolla, sill\u00e4 sen avulla voi s\u00e4\u00e4st\u00e4\u00e4 selv\u00e4\u00e4 rahaa. Pikavippien korot vaihtelevat paljonkin ja siten korkokulut voivat muodostua suureksi jo v\u00e4h\u00e4nk\u00e4\u00e4n pidemm\u00e4n ajanjakson kuluessa. Vertailu siis kannattaa!<\/p>\n\n\n\n<p>Pikavippi on tunnettu vaihtoehto, mutta my\u00f6s muita lainavaihtoehtoja kannattaa mietti\u00e4. Markkinoilla on tarjolla erilaisia kulutusluottoja arjen menoihin. Niiss\u00e4 korko saattaa olla alhaisempi kuin varsinaisissa pikavipeiss\u00e4. Vaikka\u00a0lainaa voi olla helppokin saada, on vastuu laina-asioiden hoitamisesta kuitenkin lainanottajalla. H\u00e4n vastaa lainan takaisinmaksusta ja sitoutuu lainan ehtoihin. Lainan ehdot kannattaakin lukea huolella l\u00e4pi ennen lainan ottamista. Lainoja on monenlaisia kotimaisista vaihtoehdoista ulkomaisiin. Pankkeja ja tunnettuja rahoitusyhti\u00f6it\u00e4 pidet\u00e4\u00e4n usein luotettavimpina tahoina, mutta markkinoilla toimii my\u00f6s tuntemattomampia yhti\u00f6it\u00e4. Lainan tarjoajan taustoja kannattaakin my\u00f6s hieman selvitt\u00e4\u00e4 pelkkien lainanehtojen lis\u00e4ksi. Korko on toki konkreettisin vertailtavaa asia, mutta tarkastelua kannattaa siten tehd\u00e4 hieman laajemminkin. Hyv\u00e4 suunnittelu yleens\u00e4 kannattaa.<\/p>\n","protected":false},"excerpt":{"rendered":"<p>Lainojen ehdot poikkeavat toisistaan. Laina-aika, korko ja muut ehdot vaihtelevat erilaisten lainanantajien sek\u00e4 eri lainojen v\u00e4lill\u00e4 kannattaa, sill\u00e4 sen avulla voi s\u00e4\u00e4st\u00e4\u00e4 selv\u00e4\u00e4 rahaa. Lainat voi nyky\u00e4\u00e4n kilpailuttaa helposti netiss\u00e4, joten paikan p\u00e4\u00e4ll\u00e4 ei tarvitse&#8230;<\/p>\n","protected":false},"author":1,"featured_media":0,"parent":0,"menu_order":0,"comment_status":"closed","ping_status":"closed","template":"","meta":{"footnotes":""},"yoast_head":"<!-- This site is optimized with the Yoast SEO plugin v14.4.1 - https:\/\/yoast.com\/wordpress\/plugins\/seo\/ -->\n<title>Lainat on hyv\u00e4 aina kilpailuttaa parhaan vaihtoehdon l\u00f6yt\u00e4miseksi<\/title>\n<meta name=\"description\" content=\"Lainat kannattaa kilpailuttaa. Laina-aika, korko ja muut ehdot vaihtelevat lainojen v\u00e4lill\u00e4. Lainoja vertailemalla voi s\u00e4\u00e4st\u00e4\u00e4 selv\u00e4sti rahaa. Lue lis\u00e4\u00e4!\" \/>\n<meta name=\"robots\" content=\"index, follow\" \/>\n<meta name=\"googlebot\" content=\"index, follow, max-snippet:-1, max-image-preview:large, max-video-preview:-1\" \/>\n<meta name=\"bingbot\" content=\"index, follow, max-snippet:-1, max-image-preview:large, max-video-preview:-1\" \/>\n<link rel=\"canonical\" href=\"https:\/\/www.lainat.net\/\" \/>\n<meta property=\"og:locale\" content=\"en_US\" \/>\n<meta property=\"og:type\" content=\"article\" \/>\n<meta property=\"og:title\" content=\"Lainat on hyv\u00e4 aina kilpailuttaa parhaan vaihtoehdon l\u00f6yt\u00e4miseksi\" \/>\n<meta property=\"og:description\" content=\"Lainat kannattaa kilpailuttaa. Laina-aika, korko ja muut ehdot vaihtelevat lainojen v\u00e4lill\u00e4. Lainoja vertailemalla voi s\u00e4\u00e4st\u00e4\u00e4 selv\u00e4sti rahaa. Lue lis\u00e4\u00e4!\" \/>\n<meta property=\"og:url\" content=\"https:\/\/www.lainat.net\/\" \/>\n<meta property=\"og:site_name\" content=\"Lainaa netista\" \/>\n<meta property=\"article:modified_time\" content=\"2020-07-09T11:12:58+00:00\" \/>\n<meta name=\"twitter:card\" content=\"summary_large_image\" \/>\n<script type=\"application\/ld+json\" class=\"yoast-schema-graph\">{\"@context\":\"https:\/\/schema.org\",\"@graph\":[{\"@type\":\"WebSite\",\"@id\":\"https:\/\/www.lainat.net\/#website\",\"url\":\"https:\/\/www.lainat.net\/\",\"name\":\"Lainaa netista\",\"description\":\"Mist\\u00e4 lainaa voi saada?\",\"potentialAction\":[{\"@type\":\"SearchAction\",\"target\":\"https:\/\/www.lainat.net\/?s={search_term_string}\",\"query-input\":\"required name=search_term_string\"}],\"inLanguage\":\"en-US\"},{\"@type\":\"WebPage\",\"@id\":\"https:\/\/www.lainat.net\/#webpage\",\"url\":\"https:\/\/www.lainat.net\/\",\"name\":\"Lainat on hyv\\u00e4 aina kilpailuttaa parhaan vaihtoehdon l\\u00f6yt\\u00e4miseksi\",\"isPartOf\":{\"@id\":\"https:\/\/www.lainat.net\/#website\"},\"datePublished\":\"2020-07-09T11:11:57+00:00\",\"dateModified\":\"2020-07-09T11:12:58+00:00\",\"description\":\"Lainat kannattaa kilpailuttaa. Laina-aika, korko ja muut ehdot vaihtelevat lainojen v\\u00e4lill\\u00e4. Lainoja vertailemalla voi s\\u00e4\\u00e4st\\u00e4\\u00e4 selv\\u00e4sti rahaa. Lue lis\\u00e4\\u00e4!\",\"inLanguage\":\"en-US\",\"potentialAction\":[{\"@type\":\"ReadAction\",\"target\":[\"https:\/\/www.lainat.net\/\"]}]}]}<\/script>\n<!-- \/ Yoast SEO plugin. -->","_links":{"self":[{"href":"https:\/\/www.lainat.net\/index.php?rest_route=\/wp\/v2\/pages\/6"}],"collection":[{"href":"https:\/\/www.lainat.net\/index.php?rest_route=\/wp\/v2\/pages"}],"about":[{"href":"https:\/\/www.lainat.net\/index.php?rest_route=\/wp\/v2\/types\/page"}],"author":[{"embeddable":true,"href":"https:\/\/www.lainat.net\/index.php?rest_route=\/wp\/v2\/users\/1"}],"replies":[{"embeddable":true,"href":"https:\/\/www.lainat.net\/index.php?rest_route=%2Fwp%2Fv2%2Fcomments&post=6"}],"version-history":[{"count":1,"href":"https:\/\/www.lainat.net\/index.php?rest_route=\/wp\/v2\/pages\/6\/revisions"}],"predecessor-version":[{"id":7,"href":"https:\/\/www.lainat.net\/index.php?rest_route=\/wp\/v2\/pages\/6\/revisions\/7"}],"wp:attachment":[{"href":"https:\/\/www.lainat.net\/index.php?rest_route=%2Fwp%2Fv2%2Fmedia&parent=6"}],"curies":[{"name":"wp","href":"https:\/\/api.w.org\/{rel}","templated":true}]}}